{"id":558,"date":"2025-01-08T12:36:08","date_gmt":"2025-01-08T12:36:08","guid":{"rendered":"https:\/\/aykuthukuk.com\/our-team\/"},"modified":"2025-01-22T12:54:22","modified_gmt":"2025-01-22T12:54:22","slug":"our-team","status":"publish","type":"page","link":"https:\/\/aykuthukuk.com\/en\/our-team\/","title":{"rendered":"Our Team"},"content":{"rendered":"\t\t<div data-elementor-type=\"wp-page\" data-elementor-id=\"558\" class=\"elementor elementor-558 elementor-265\" data-elementor-settings=\"{&quot;element_pack_global_tooltip_width&quot;:{&quot;unit&quot;:&quot;px&quot;,&quot;size&quot;:&quot;&quot;,&quot;sizes&quot;:[]},&quot;element_pack_global_tooltip_width_tablet&quot;:{&quot;unit&quot;:&quot;px&quot;,&quot;size&quot;:&quot;&quot;,&quot;sizes&quot;:[]},&quot;element_pack_global_tooltip_width_mobile&quot;:{&quot;unit&quot;:&quot;px&quot;,&quot;size&quot;:&quot;&quot;,&quot;sizes&quot;:[]},&quot;element_pack_global_tooltip_padding&quot;:{&quot;unit&quot;:&quot;px&quot;,&quot;top&quot;:&quot;&quot;,&quot;right&quot;:&quot;&quot;,&quot;bottom&quot;:&quot;&quot;,&quot;left&quot;:&quot;&quot;,&quot;isLinked&quot;:true},&quot;element_pack_global_tooltip_padding_tablet&quot;:{&quot;unit&quot;:&quot;px&quot;,&quot;top&quot;:&quot;&quot;,&quot;right&quot;:&quot;&quot;,&quot;bottom&quot;:&quot;&quot;,&quot;left&quot;:&quot;&quot;,&quot;isLinked&quot;:true},&quot;element_pack_global_tooltip_padding_mobile&quot;:{&quot;unit&quot;:&quot;px&quot;,&quot;top&quot;:&quot;&quot;,&quot;right&quot;:&quot;&quot;,&quot;bottom&quot;:&quot;&quot;,&quot;left&quot;:&quot;&quot;,&quot;isLinked&quot;:true},&quot;element_pack_global_tooltip_border_radius&quot;:{&quot;unit&quot;:&quot;px&quot;,&quot;top&quot;:&quot;&quot;,&quot;right&quot;:&quot;&quot;,&quot;bottom&quot;:&quot;&quot;,&quot;left&quot;:&quot;&quot;,&quot;isLinked&quot;:true},&quot;element_pack_global_tooltip_border_radius_tablet&quot;:{&quot;unit&quot;:&quot;px&quot;,&quot;top&quot;:&quot;&quot;,&quot;right&quot;:&quot;&quot;,&quot;bottom&quot;:&quot;&quot;,&quot;left&quot;:&quot;&quot;,&quot;isLinked&quot;:true},&quot;element_pack_global_tooltip_border_radius_mobile&quot;:{&quot;unit&quot;:&quot;px&quot;,&quot;top&quot;:&quot;&quot;,&quot;right&quot;:&quot;&quot;,&quot;bottom&quot;:&quot;&quot;,&quot;left&quot;:&quot;&quot;,&quot;isLinked&quot;:true}}\">\n\t\t\t\t<div class=\"elementor-element elementor-element-5a016607 e-flex e-con-boxed e-con e-parent\" data-id=\"5a016607\" data-element_type=\"container\" data-e-type=\"container\">\n\t\t\t\t\t<div class=\"e-con-inner\">\n\t\t<div class=\"elementor-element elementor-element-4d6381d5 e-con-full e-flex e-con e-child\" data-id=\"4d6381d5\" data-element_type=\"container\" data-e-type=\"container\">\n\t\t<div class=\"elementor-element elementor-element-79b16611 e-con-full e-flex e-con e-child\" data-id=\"79b16611\" data-element_type=\"container\" data-e-type=\"container\">\n\t\t\t\t<div class=\"elementor-element elementor-element-2bc04f7c elementor-widget__width-initial elementor-invisible elementor-widget elementor-widget-heading\" data-id=\"2bc04f7c\" data-element_type=\"widget\" data-e-type=\"widget\" data-settings=\"{&quot;_animation&quot;:&quot;fadeInUp&quot;,&quot;_animation_delay&quot;:500}\" data-widget_type=\"heading.default\">\n\t\t\t\t<div class=\"elementor-widget-container\">\n\t\t\t\t\t<h4 class=\"elementor-heading-title elementor-size-default\">Our Team<\/h4>\t\t\t\t<\/div>\n\t\t\t\t<\/div>\n\t\t\t\t<\/div>\n\t\t<div class=\"elementor-element elementor-element-ff09987 e-con-full e-flex e-con e-child\" data-id=\"ff09987\" data-element_type=\"container\" data-e-type=\"container\">\n\t\t\t\t<div class=\"elementor-element elementor-element-7e9e5fb3 elementor-widget__width-initial elementor-invisible elementor-widget elementor-widget-text-editor\" data-id=\"7e9e5fb3\" data-element_type=\"widget\" data-e-type=\"widget\" data-settings=\"{&quot;_animation&quot;:&quot;fadeInRight&quot;,&quot;_animation_delay&quot;:750}\" data-widget_type=\"text-editor.default\">\n\t\t\t\t<div class=\"elementor-widget-container\">\n\t\t\t\t\t\t\t\t\t<p>Expertise and experience are the most important elements in legal processes. As Aykut Law Office, we aim to provide the best service to our clients with our expert and experienced lawyers. Each of our team members is here to work with deep knowledge and dedication in different legal fields to produce customized solutions for you.<\/p><\/p>\n\t\t\t\t\t\t\t\t<\/div>\n\t\t\t\t<\/div>\n\t\t\t\t<\/div>\n\t\t\t\t<\/div>\n\t\t<div class=\"elementor-element elementor-element-2ffcaa22 e-con-full e-flex elementor-invisible e-con e-child\" data-id=\"2ffcaa22\" data-element_type=\"container\" data-e-type=\"container\" data-settings=\"{&quot;animation&quot;:&quot;fadeInUp&quot;,&quot;animation_delay&quot;:1000}\">\n\t\t\t\t<div class=\"elementor-element elementor-element-7b8951e1 ui-e-match-height-yes ui-e-animation-circular elementor-widget elementor-widget-uicore-custom-carousel\" data-id=\"7b8951e1\" data-element_type=\"widget\" data-e-type=\"widget\" data-settings=\"{&quot;slides_per_view&quot;:&quot;3&quot;,&quot;navigation&quot;:&quot;arrows&quot;,&quot;carousel_gap&quot;:{&quot;unit&quot;:&quot;px&quot;,&quot;size&quot;:20,&quot;sizes&quot;:[]},&quot;carousel_gap_tablet&quot;:{&quot;unit&quot;:&quot;px&quot;,&quot;size&quot;:&quot;&quot;,&quot;sizes&quot;:[]},&quot;carousel_gap_mobile&quot;:{&quot;unit&quot;:&quot;px&quot;,&quot;size&quot;:&quot;&quot;,&quot;sizes&quot;:[]},&quot;animation_style&quot;:&quot;circular&quot;,&quot;slides_per_view_tablet&quot;:2,&quot;slides_per_view_mobile&quot;:1,&quot;show_hidden&quot;:&quot;hidden&quot;,&quot;grab_cursor&quot;:&quot;yes&quot;,&quot;loop&quot;:&quot;true&quot;,&quot;overflow_container&quot;:&quot;container&quot;}\" data-widget_type=\"uicore-custom-carousel.default\">\n\t\t\t\t<div class=\"elementor-widget-container\">\n\t\t\t\t\t        <div class=\"ui-e-carousel ui-e-nested swiper\">\n\n            <div class='swiper-wrapper'>\n                        <div class=\"ui-e-wrp swiper-slide\" data-hash=\"0\">\n            <div data-ep-wrapper-link=\"{&quot;url&quot;:&quot;\\\/avukat-salim-aykut\\\/&quot;,&quot;is_external&quot;:&quot;&quot;,&quot;nofollow&quot;:&quot;&quot;,&quot;custom_attributes&quot;:&quot;&quot;}\" style=\"cursor: pointer\" class=\"bdt-element-link ui-e-item elementor-element elementor-element-7fdded19 e-con-full e-flex e-con e-child\" data-id=\"7fdded19\" data-element_type=\"container\" data-e-type=\"container\">\n\t\t\t\t<div class=\"elementor-element elementor-element-3715ec1f elementor-widget elementor-widget-image\" data-id=\"3715ec1f\" data-element_type=\"widget\" data-e-type=\"widget\" data-widget_type=\"image.default\">\n\t\t\t\t<div class=\"elementor-widget-container\">\n\t\t\t\t\t\t\t\t\t\t\t\t\t\t\t<img fetchpriority=\"high\" decoding=\"async\" width=\"565\" height=\"681\" src=\"https:\/\/aykuthukuk.com\/wp-content\/uploads\/2025\/01\/WhatsApp-Image-2025-01-09-at-13.00.41.jpeg\" class=\"attachment-large size-large wp-image-548\" alt=\"\" srcset=\"https:\/\/aykuthukuk.com\/wp-content\/uploads\/2025\/01\/WhatsApp-Image-2025-01-09-at-13.00.41.jpeg 565w, https:\/\/aykuthukuk.com\/wp-content\/uploads\/2025\/01\/WhatsApp-Image-2025-01-09-at-13.00.41-249x300.jpeg 249w, https:\/\/aykuthukuk.com\/wp-content\/uploads\/2025\/01\/WhatsApp-Image-2025-01-09-at-13.00.41-539x650.jpeg 539w\" sizes=\"(max-width: 565px) 100vw, 565px\" \/>\t\t\t\t\t\t\t\t\t\t\t\t\t\t\t<\/div>\n\t\t\t\t<\/div>\n\t\t\t\t<div class=\"elementor-element elementor-element-1f2d0c26 elementor-widget elementor-widget-heading\" data-id=\"1f2d0c26\" data-element_type=\"widget\" data-e-type=\"widget\" data-widget_type=\"heading.default\">\n\t\t\t\t<div class=\"elementor-widget-container\">\n\t\t\t\t\t<h6 class=\"elementor-heading-title elementor-size-default\">sal\u0130M AYKUT<\/h6>\t\t\t\t<\/div>\n\t\t\t\t<\/div>\n\t\t\t\t<div class=\"elementor-element elementor-element-21e2293f elementor-widget elementor-widget-heading\" data-id=\"21e2293f\" data-element_type=\"widget\" data-e-type=\"widget\" data-widget_type=\"heading.default\">\n\t\t\t\t<div class=\"elementor-widget-container\">\n\t\t\t\t\t<h6 class=\"elementor-heading-title elementor-size-default\">Lawyer<\/h6>\t\t\t\t<\/div>\n\t\t\t\t<\/div>\n\t\t\t\t<\/div>\n\t\t        <\/div>\n            <div class=\"ui-e-wrp swiper-slide\" data-hash=\"1\">\n            <div data-ep-wrapper-link=\"{&quot;url&quot;:&quot;\\\/avukat-aysegul-aykut\\\/&quot;,&quot;is_external&quot;:&quot;&quot;,&quot;nofollow&quot;:&quot;&quot;,&quot;custom_attributes&quot;:&quot;&quot;}\" style=\"cursor: pointer\" class=\"bdt-element-link ui-e-item ui-e-item elementor-element elementor-element-62d956df e-con-full e-flex e-con e-child\" data-id=\"62d956df\" data-element_type=\"container\" data-e-type=\"container\">\n\t\t\t\t<div class=\"elementor-element elementor-element-3cca321e elementor-widget elementor-widget-image\" data-id=\"3cca321e\" data-element_type=\"widget\" data-e-type=\"widget\" data-widget_type=\"image.default\">\n\t\t\t\t<div class=\"elementor-widget-container\">\n\t\t\t\t\t\t\t\t\t\t\t\t\t\t\t<img decoding=\"async\" width=\"831\" height=\"1024\" src=\"https:\/\/aykuthukuk.com\/wp-content\/uploads\/2025\/01\/WhatsApp-Image-2025-01-09-at-13.00.32-831x1024.jpeg\" class=\"attachment-large size-large wp-image-547\" alt=\"\" srcset=\"https:\/\/aykuthukuk.com\/wp-content\/uploads\/2025\/01\/WhatsApp-Image-2025-01-09-at-13.00.32-831x1024.jpeg 831w, https:\/\/aykuthukuk.com\/wp-content\/uploads\/2025\/01\/WhatsApp-Image-2025-01-09-at-13.00.32-243x300.jpeg 243w, https:\/\/aykuthukuk.com\/wp-content\/uploads\/2025\/01\/WhatsApp-Image-2025-01-09-at-13.00.32-768x946.jpeg 768w, https:\/\/aykuthukuk.com\/wp-content\/uploads\/2025\/01\/WhatsApp-Image-2025-01-09-at-13.00.32-1247x1536.jpeg 1247w, https:\/\/aykuthukuk.com\/wp-content\/uploads\/2025\/01\/WhatsApp-Image-2025-01-09-at-13.00.32-528x650.jpeg 528w, https:\/\/aykuthukuk.com\/wp-content\/uploads\/2025\/01\/WhatsApp-Image-2025-01-09-at-13.00.32.jpeg 1504w\" sizes=\"(max-width: 831px) 100vw, 831px\" \/>\t\t\t\t\t\t\t\t\t\t\t\t\t\t\t<\/div>\n\t\t\t\t<\/div>\n\t\t\t\t<div class=\"elementor-element elementor-element-423d98f9 elementor-widget elementor-widget-heading\" data-id=\"423d98f9\" data-element_type=\"widget\" data-e-type=\"widget\" data-widget_type=\"heading.default\">\n\t\t\t\t<div class=\"elementor-widget-container\">\n\t\t\t\t\t<h6 class=\"elementor-heading-title elementor-size-default\">Ay\u015feg\u00fcl Aykut aksu<\/h6>\t\t\t\t<\/div>\n\t\t\t\t<\/div>\n\t\t\t\t<div class=\"elementor-element elementor-element-19aec5d elementor-widget elementor-widget-heading\" data-id=\"19aec5d\" data-element_type=\"widget\" data-e-type=\"widget\" data-widget_type=\"heading.default\">\n\t\t\t\t<div class=\"elementor-widget-container\">\n\t\t\t\t\t<h6 class=\"elementor-heading-title elementor-size-default\">Lawyer<\/h6>\t\t\t\t<\/div>\n\t\t\t\t<\/div>\n\t\t\t\t<\/div>\n\t\t        <\/div>\n            <div class=\"ui-e-wrp swiper-slide\" data-hash=\"2\">\n            <div data-ep-wrapper-link=\"{&quot;url&quot;:&quot;\\\/avukat-sakir-can-ovalioglu\\\/&quot;,&quot;is_external&quot;:&quot;&quot;,&quot;nofollow&quot;:&quot;&quot;,&quot;custom_attributes&quot;:&quot;&quot;}\" style=\"cursor: pointer\" class=\"bdt-element-link ui-e-item ui-e-item ui-e-item elementor-element elementor-element-4770ced7 e-con-full e-flex e-con e-child\" data-id=\"4770ced7\" data-element_type=\"container\" data-e-type=\"container\">\n\t\t\t\t<div class=\"elementor-element elementor-element-8d96577 elementor-widget elementor-widget-image\" data-id=\"8d96577\" data-element_type=\"widget\" data-e-type=\"widget\" data-widget_type=\"image.default\">\n\t\t\t\t<div class=\"elementor-widget-container\">\n\t\t\t\t\t\t\t\t\t\t\t\t\t\t\t<img decoding=\"async\" width=\"768\" height=\"1024\" src=\"https:\/\/aykuthukuk.com\/wp-content\/uploads\/2025\/01\/WhatsApp-Image-2025-01-09-at-13.00.32-1-1536x2048-1-768x1024.png\" class=\"attachment-large size-large wp-image-549\" alt=\"\" srcset=\"https:\/\/aykuthukuk.com\/wp-content\/uploads\/2025\/01\/WhatsApp-Image-2025-01-09-at-13.00.32-1-1536x2048-1-768x1024.png 768w, https:\/\/aykuthukuk.com\/wp-content\/uploads\/2025\/01\/WhatsApp-Image-2025-01-09-at-13.00.32-1-1536x2048-1-225x300.png 225w, https:\/\/aykuthukuk.com\/wp-content\/uploads\/2025\/01\/WhatsApp-Image-2025-01-09-at-13.00.32-1-1536x2048-1-1152x1536.png 1152w, https:\/\/aykuthukuk.com\/wp-content\/uploads\/2025\/01\/WhatsApp-Image-2025-01-09-at-13.00.32-1-1536x2048-1-488x650.png 488w, https:\/\/aykuthukuk.com\/wp-content\/uploads\/2025\/01\/WhatsApp-Image-2025-01-09-at-13.00.32-1-1536x2048-1.png 1536w\" sizes=\"(max-width: 768px) 100vw, 768px\" \/>\t\t\t\t\t\t\t\t\t\t\t\t\t\t\t<\/div>\n\t\t\t\t<\/div>\n\t\t\t\t<div class=\"elementor-element elementor-element-4523a8e0 elementor-widget elementor-widget-heading\" data-id=\"4523a8e0\" data-element_type=\"widget\" data-e-type=\"widget\" data-widget_type=\"heading.default\">\n\t\t\t\t<div class=\"elementor-widget-container\">\n\t\t\t\t\t<h6 class=\"elementor-heading-title elementor-size-default\">\u015eAK\u0130R CAN OVAO\u011eLU<\/h6>\t\t\t\t<\/div>\n\t\t\t\t<\/div>\n\t\t\t\t<div class=\"elementor-element elementor-element-2fe9d17a elementor-widget elementor-widget-heading\" data-id=\"2fe9d17a\" data-element_type=\"widget\" data-e-type=\"widget\" data-widget_type=\"heading.default\">\n\t\t\t\t<div class=\"elementor-widget-container\">\n\t\t\t\t\t<h6 class=\"elementor-heading-title elementor-size-default\">Lawyer<\/h6>\t\t\t\t<\/div>\n\t\t\t\t<\/div>\n\t\t\t\t<\/div>\n\t\t        <\/div>\n                <\/div>\n\n        <\/div>\n\n            \t\t\t\t<\/div>\n\t\t\t\t<\/div>\n\t\t\t\t<\/div>\n\t\t\t\t\t<\/div>\n\t\t\t\t<\/div>\n\t\t\t\t<\/div>\n\t\t","protected":false},"excerpt":{"rendered":"<p>Our Team Expertise and experience are the most important elements in legal processes. As Aykut Law Office, we aim to provide the best service to our clients with our expert and experienced lawyers. Each of our team members is here to work with deep knowledge and dedication in different legal fields to produce customized solutions [&hellip;]<\/p>\n","protected":false},"author":1,"featured_media":0,"parent":0,"menu_order":0,"comment_status":"closed","ping_status":"closed","template":"","meta":{"footnotes":""},"class_list":["post-558","page","type-page","status-publish","hentry"],"_links":{"self":[{"href":"https:\/\/aykuthukuk.com\/en\/wp-json\/wp\/v2\/pages\/558","targetHints":{"allow":["GET"]}}],"collection":[{"href":"https:\/\/aykuthukuk.com\/en\/wp-json\/wp\/v2\/pages"}],"about":[{"href":"https:\/\/aykuthukuk.com\/en\/wp-json\/wp\/v2\/types\/page"}],"author":[{"embeddable":true,"href":"https:\/\/aykuthukuk.com\/en\/wp-json\/wp\/v2\/users\/1"}],"replies":[{"embeddable":true,"href":"https:\/\/aykuthukuk.com\/en\/wp-json\/wp\/v2\/comments?post=558"}],"version-history":[{"count":4,"href":"https:\/\/aykuthukuk.com\/en\/wp-json\/wp\/v2\/pages\/558\/revisions"}],"predecessor-version":[{"id":668,"href":"https:\/\/aykuthukuk.com\/en\/wp-json\/wp\/v2\/pages\/558\/revisions\/668"}],"wp:attachment":[{"href":"https:\/\/aykuthukuk.com\/en\/wp-json\/wp\/v2\/media?parent=558"}],"curies":[{"name":"wp","href":"https:\/\/api.w.org\/{rel}","templated":true}]}}