{"id":556,"date":"2025-01-08T12:35:22","date_gmt":"2025-01-08T12:35:22","guid":{"rendered":"https:\/\/aykuthukuk.com\/about-us\/"},"modified":"2025-01-22T13:25:58","modified_gmt":"2025-01-22T13:25:58","slug":"about-us","status":"publish","type":"page","link":"https:\/\/aykuthukuk.com\/en\/about-us\/","title":{"rendered":"About Us"},"content":{"rendered":"\t\t<div data-elementor-type=\"wp-page\" data-elementor-id=\"556\" class=\"elementor elementor-556 elementor-263\" data-elementor-settings=\"{&quot;element_pack_global_tooltip_width&quot;:{&quot;unit&quot;:&quot;px&quot;,&quot;size&quot;:&quot;&quot;,&quot;sizes&quot;:[]},&quot;element_pack_global_tooltip_width_tablet&quot;:{&quot;unit&quot;:&quot;px&quot;,&quot;size&quot;:&quot;&quot;,&quot;sizes&quot;:[]},&quot;element_pack_global_tooltip_width_mobile&quot;:{&quot;unit&quot;:&quot;px&quot;,&quot;size&quot;:&quot;&quot;,&quot;sizes&quot;:[]},&quot;element_pack_global_tooltip_padding&quot;:{&quot;unit&quot;:&quot;px&quot;,&quot;top&quot;:&quot;&quot;,&quot;right&quot;:&quot;&quot;,&quot;bottom&quot;:&quot;&quot;,&quot;left&quot;:&quot;&quot;,&quot;isLinked&quot;:true},&quot;element_pack_global_tooltip_padding_tablet&quot;:{&quot;unit&quot;:&quot;px&quot;,&quot;top&quot;:&quot;&quot;,&quot;right&quot;:&quot;&quot;,&quot;bottom&quot;:&quot;&quot;,&quot;left&quot;:&quot;&quot;,&quot;isLinked&quot;:true},&quot;element_pack_global_tooltip_padding_mobile&quot;:{&quot;unit&quot;:&quot;px&quot;,&quot;top&quot;:&quot;&quot;,&quot;right&quot;:&quot;&quot;,&quot;bottom&quot;:&quot;&quot;,&quot;left&quot;:&quot;&quot;,&quot;isLinked&quot;:true},&quot;element_pack_global_tooltip_border_radius&quot;:{&quot;unit&quot;:&quot;px&quot;,&quot;top&quot;:&quot;&quot;,&quot;right&quot;:&quot;&quot;,&quot;bottom&quot;:&quot;&quot;,&quot;left&quot;:&quot;&quot;,&quot;isLinked&quot;:true},&quot;element_pack_global_tooltip_border_radius_tablet&quot;:{&quot;unit&quot;:&quot;px&quot;,&quot;top&quot;:&quot;&quot;,&quot;right&quot;:&quot;&quot;,&quot;bottom&quot;:&quot;&quot;,&quot;left&quot;:&quot;&quot;,&quot;isLinked&quot;:true},&quot;element_pack_global_tooltip_border_radius_mobile&quot;:{&quot;unit&quot;:&quot;px&quot;,&quot;top&quot;:&quot;&quot;,&quot;right&quot;:&quot;&quot;,&quot;bottom&quot;:&quot;&quot;,&quot;left&quot;:&quot;&quot;,&quot;isLinked&quot;:true}}\">\n\t\t\t\t<div class=\"elementor-element elementor-element-e221645 e-flex e-con-boxed e-con e-parent\" data-id=\"e221645\" data-element_type=\"container\" data-e-type=\"container\">\n\t\t\t\t\t<div class=\"e-con-inner\">\n\t\t<div class=\"elementor-element elementor-element-78f2846d e-con-full e-flex e-con e-child\" data-id=\"78f2846d\" data-element_type=\"container\" data-e-type=\"container\">\n\t\t<div class=\"elementor-element elementor-element-4dc06949 e-con-full e-flex e-con e-child\" data-id=\"4dc06949\" data-element_type=\"container\" data-e-type=\"container\" data-settings=\"{&quot;background_background&quot;:&quot;classic&quot;}\">\n\t\t\t\t<div class=\"elementor-element elementor-element-d3934dd elementor-widget elementor-widget-image\" data-id=\"d3934dd\" data-element_type=\"widget\" data-e-type=\"widget\" data-widget_type=\"image.default\">\n\t\t\t\t<div class=\"elementor-widget-container\">\n\t\t\t\t\t\t\t\t\t\t\t\t\t\t\t<img fetchpriority=\"high\" decoding=\"async\" width=\"1000\" height=\"833\" src=\"https:\/\/aykuthukuk.com\/wp-content\/uploads\/2025\/01\/hero-aykut-hukuk-1024x853.png\" class=\"attachment-large size-large wp-image-497\" alt=\"\" srcset=\"https:\/\/aykuthukuk.com\/wp-content\/uploads\/2025\/01\/hero-aykut-hukuk-1024x853.png 1024w, https:\/\/aykuthukuk.com\/wp-content\/uploads\/2025\/01\/hero-aykut-hukuk-300x250.png 300w, https:\/\/aykuthukuk.com\/wp-content\/uploads\/2025\/01\/hero-aykut-hukuk-768x640.png 768w, https:\/\/aykuthukuk.com\/wp-content\/uploads\/2025\/01\/hero-aykut-hukuk-650x542.png 650w, https:\/\/aykuthukuk.com\/wp-content\/uploads\/2025\/01\/hero-aykut-hukuk.png 1200w\" sizes=\"(max-width: 1000px) 100vw, 1000px\" \/>\t\t\t\t\t\t\t\t\t\t\t\t\t\t\t<\/div>\n\t\t\t\t<\/div>\n\t\t\t\t<\/div>\n\t\t<div class=\"elementor-element elementor-element-354a8b80 e-con-full e-flex e-con e-child\" data-id=\"354a8b80\" data-element_type=\"container\" data-e-type=\"container\">\n\t\t\t\t<div class=\"elementor-element elementor-element-34cd1955 elementor-invisible elementor-widget elementor-widget-heading\" data-id=\"34cd1955\" data-element_type=\"widget\" data-e-type=\"widget\" data-settings=\"{&quot;_animation&quot;:&quot;fadeInUp&quot;,&quot;_animation_delay&quot;:250}\" data-widget_type=\"heading.default\">\n\t\t\t\t<div class=\"elementor-widget-container\">\n\t\t\t\t\t<h2 class=\"elementor-heading-title elementor-size-default\">About Us<\/h2>\t\t\t\t<\/div>\n\t\t\t\t<\/div>\n\t\t\t\t<div class=\"elementor-element elementor-element-1f129890 elementor-widget__width-initial elementor-invisible elementor-widget elementor-widget-text-editor\" data-id=\"1f129890\" data-element_type=\"widget\" data-e-type=\"widget\" data-settings=\"{&quot;_animation&quot;:&quot;fadeInUp&quot;,&quot;_animation_delay&quot;:500}\" data-widget_type=\"text-editor.default\">\n\t\t\t\t<div class=\"elementor-widget-container\">\n\t\t\t\t\t\t\t\t\t<p class=\"font_8 wixui-rich-text__text\"><span class=\"wixui-rich-text__text\">To contribute to increasing the respect and belief in justice and law, to provide quality service to our clients by professionally defending their rights and freedoms within the framework of mutual respect and business rules, to closely follow all developments and changes in our legal system and to implement them on behalf of the clients represented; To work for the realization of justice with a respectable, honest, reliable, contemporary, progressive, successful vision.<\/span><\/p>\n<p class=\"font_8 wixui-rich-text__text\"><span class=\"wixui-rich-text__text\">To defend the rights of individuals and institutions in the best way possible and to help their savings to be fulfilled within the framework of the rule of law and the principle of justice, to make a meaningful contribution to the development and flourishing of legal culture and awareness of justice, to be a Law Firm that is closely interested in national and world problems, to interpret and evaluate developments on a national and global scale.<\/span><\/p>\n\t\t\t\t\t\t\t\t<\/div>\n\t\t\t\t<\/div>\n\t\t\t\t<\/div>\n\t\t\t\t<\/div>\n\t\t\t\t\t<\/div>\n\t\t\t\t<\/div>\n\t\t<div class=\"elementor-element elementor-element-432b9bb1 e-flex e-con-boxed e-con e-parent\" data-id=\"432b9bb1\" data-element_type=\"container\" data-e-type=\"container\">\n\t\t\t\t\t<div class=\"e-con-inner\">\n\t\t<div class=\"elementor-element elementor-element-169d386e e-con-full e-flex e-con e-child\" data-id=\"169d386e\" data-element_type=\"container\" data-e-type=\"container\">\n\t\t<div class=\"elementor-element elementor-element-2a4eaea7 e-con-full e-flex e-con e-child\" data-id=\"2a4eaea7\" data-element_type=\"container\" data-e-type=\"container\">\n\t\t\t\t<div class=\"elementor-element elementor-element-176d602a elementor-widget__width-initial elementor-invisible elementor-widget elementor-widget-heading\" data-id=\"176d602a\" data-element_type=\"widget\" data-e-type=\"widget\" data-settings=\"{&quot;_animation&quot;:&quot;fadeInUp&quot;,&quot;_animation_delay&quot;:500}\" data-widget_type=\"heading.default\">\n\t\t\t\t<div class=\"elementor-widget-container\">\n\t\t\t\t\t<h4 class=\"elementor-heading-title elementor-size-default\">Our Team<\/h4>\t\t\t\t<\/div>\n\t\t\t\t<\/div>\n\t\t\t\t<\/div>\n\t\t<div class=\"elementor-element elementor-element-64f95ed0 e-con-full e-flex e-con e-child\" data-id=\"64f95ed0\" data-element_type=\"container\" data-e-type=\"container\">\n\t\t\t\t<div class=\"elementor-element elementor-element-158d9123 elementor-widget__width-initial elementor-invisible elementor-widget elementor-widget-text-editor\" data-id=\"158d9123\" data-element_type=\"widget\" data-e-type=\"widget\" data-settings=\"{&quot;_animation&quot;:&quot;fadeInRight&quot;,&quot;_animation_delay&quot;:750}\" data-widget_type=\"text-editor.default\">\n\t\t\t\t<div class=\"elementor-widget-container\">\n\t\t\t\t\t\t\t\t\t<p>Expertise and experience are the most important elements in legal processes. As Aykut Law Office, we aim to provide the best service to our clients with our expert and experienced lawyers. Each of our team members is here to work with deep knowledge and dedication in different legal fields to produce customized solutions for you.<\/p>\n\t\t\t\t\t\t\t\t<\/div>\n\t\t\t\t<\/div>\n\t\t\t\t<\/div>\n\t\t\t\t<\/div>\n\t\t<div class=\"elementor-element elementor-element-2c7ce1e6 e-con-full e-flex elementor-invisible e-con e-child\" data-id=\"2c7ce1e6\" data-element_type=\"container\" data-e-type=\"container\" data-settings=\"{&quot;animation&quot;:&quot;fadeInUp&quot;,&quot;animation_delay&quot;:1000}\">\n\t\t\t\t<div class=\"elementor-element elementor-element-734f3574 ui-e-match-height-yes ui-e-animation-circular elementor-widget elementor-widget-uicore-custom-carousel\" data-id=\"734f3574\" data-element_type=\"widget\" data-e-type=\"widget\" data-settings=\"{&quot;slides_per_view&quot;:&quot;3&quot;,&quot;navigation&quot;:&quot;arrows&quot;,&quot;carousel_gap&quot;:{&quot;unit&quot;:&quot;px&quot;,&quot;size&quot;:20,&quot;sizes&quot;:[]},&quot;carousel_gap_tablet&quot;:{&quot;unit&quot;:&quot;px&quot;,&quot;size&quot;:&quot;&quot;,&quot;sizes&quot;:[]},&quot;carousel_gap_mobile&quot;:{&quot;unit&quot;:&quot;px&quot;,&quot;size&quot;:&quot;&quot;,&quot;sizes&quot;:[]},&quot;animation_style&quot;:&quot;circular&quot;,&quot;slides_per_view_tablet&quot;:2,&quot;slides_per_view_mobile&quot;:1,&quot;show_hidden&quot;:&quot;hidden&quot;,&quot;grab_cursor&quot;:&quot;yes&quot;,&quot;loop&quot;:&quot;true&quot;,&quot;overflow_container&quot;:&quot;container&quot;}\" data-widget_type=\"uicore-custom-carousel.default\">\n\t\t\t\t<div class=\"elementor-widget-container\">\n\t\t\t\t\t        <div class=\"ui-e-carousel ui-e-nested swiper\">\n\n            <div class='swiper-wrapper'>\n                        <div class=\"ui-e-wrp swiper-slide\" data-hash=\"0\">\n            <div data-ep-wrapper-link=\"{&quot;url&quot;:&quot;\\\/en\\\/avukat-salim-aykut\\\/&quot;,&quot;is_external&quot;:&quot;&quot;,&quot;nofollow&quot;:&quot;&quot;,&quot;custom_attributes&quot;:&quot;&quot;}\" style=\"cursor: pointer\" class=\"bdt-element-link ui-e-item elementor-element elementor-element-221770f e-con-full e-flex e-con e-child\" data-id=\"221770f\" data-element_type=\"container\" data-e-type=\"container\">\n\t\t\t\t<div class=\"elementor-element elementor-element-5fe8ddad elementor-widget elementor-widget-image\" data-id=\"5fe8ddad\" data-element_type=\"widget\" data-e-type=\"widget\" data-widget_type=\"image.default\">\n\t\t\t\t<div class=\"elementor-widget-container\">\n\t\t\t\t\t\t\t\t\t\t\t\t\t\t\t<img decoding=\"async\" width=\"565\" height=\"681\" src=\"https:\/\/aykuthukuk.com\/wp-content\/uploads\/2025\/01\/WhatsApp-Image-2025-01-09-at-13.00.41.jpeg\" class=\"attachment-large size-large wp-image-548\" alt=\"\" srcset=\"https:\/\/aykuthukuk.com\/wp-content\/uploads\/2025\/01\/WhatsApp-Image-2025-01-09-at-13.00.41.jpeg 565w, https:\/\/aykuthukuk.com\/wp-content\/uploads\/2025\/01\/WhatsApp-Image-2025-01-09-at-13.00.41-249x300.jpeg 249w, https:\/\/aykuthukuk.com\/wp-content\/uploads\/2025\/01\/WhatsApp-Image-2025-01-09-at-13.00.41-539x650.jpeg 539w\" sizes=\"(max-width: 565px) 100vw, 565px\" \/>\t\t\t\t\t\t\t\t\t\t\t\t\t\t\t<\/div>\n\t\t\t\t<\/div>\n\t\t\t\t<div class=\"elementor-element elementor-element-4a9774aa elementor-widget elementor-widget-heading\" data-id=\"4a9774aa\" data-element_type=\"widget\" data-e-type=\"widget\" data-widget_type=\"heading.default\">\n\t\t\t\t<div class=\"elementor-widget-container\">\n\t\t\t\t\t<h6 class=\"elementor-heading-title elementor-size-default\">SAL\u0130M Aykut<\/h6>\t\t\t\t<\/div>\n\t\t\t\t<\/div>\n\t\t\t\t<div class=\"elementor-element elementor-element-b3b1de0 elementor-widget elementor-widget-heading\" data-id=\"b3b1de0\" data-element_type=\"widget\" data-e-type=\"widget\" data-widget_type=\"heading.default\">\n\t\t\t\t<div class=\"elementor-widget-container\">\n\t\t\t\t\t<h6 class=\"elementor-heading-title elementor-size-default\">Lawyer<\/h6>\t\t\t\t<\/div>\n\t\t\t\t<\/div>\n\t\t\t\t<\/div>\n\t\t        <\/div>\n            <div class=\"ui-e-wrp swiper-slide\" data-hash=\"1\">\n            <div data-ep-wrapper-link=\"{&quot;url&quot;:&quot;\\\/en\\\/lawyer-aysegul-aykut\\\/&quot;,&quot;is_external&quot;:&quot;&quot;,&quot;nofollow&quot;:&quot;&quot;,&quot;custom_attributes&quot;:&quot;&quot;}\" style=\"cursor: pointer\" class=\"bdt-element-link ui-e-item ui-e-item elementor-element elementor-element-6a311f5b e-con-full e-flex e-con e-child\" data-id=\"6a311f5b\" data-element_type=\"container\" data-e-type=\"container\">\n\t\t\t\t<div data-ep-wrapper-link=\"{&quot;url&quot;:&quot;\\\/avukat-aysegul-aykut-aksu\\\/&quot;,&quot;is_external&quot;:&quot;&quot;,&quot;nofollow&quot;:&quot;&quot;,&quot;custom_attributes&quot;:&quot;&quot;}\" style=\"cursor: pointer\" class=\"bdt-element-link elementor-element elementor-element-1449a67c elementor-widget elementor-widget-image\" data-id=\"1449a67c\" data-element_type=\"widget\" data-e-type=\"widget\" data-widget_type=\"image.default\">\n\t\t\t\t<div class=\"elementor-widget-container\">\n\t\t\t\t\t\t\t\t\t\t\t\t\t\t\t<img decoding=\"async\" width=\"831\" height=\"1024\" src=\"https:\/\/aykuthukuk.com\/wp-content\/uploads\/2025\/01\/WhatsApp-Image-2025-01-09-at-13.00.32-831x1024.jpeg\" class=\"attachment-large size-large wp-image-547\" alt=\"\" srcset=\"https:\/\/aykuthukuk.com\/wp-content\/uploads\/2025\/01\/WhatsApp-Image-2025-01-09-at-13.00.32-831x1024.jpeg 831w, https:\/\/aykuthukuk.com\/wp-content\/uploads\/2025\/01\/WhatsApp-Image-2025-01-09-at-13.00.32-243x300.jpeg 243w, https:\/\/aykuthukuk.com\/wp-content\/uploads\/2025\/01\/WhatsApp-Image-2025-01-09-at-13.00.32-768x946.jpeg 768w, https:\/\/aykuthukuk.com\/wp-content\/uploads\/2025\/01\/WhatsApp-Image-2025-01-09-at-13.00.32-1247x1536.jpeg 1247w, https:\/\/aykuthukuk.com\/wp-content\/uploads\/2025\/01\/WhatsApp-Image-2025-01-09-at-13.00.32-528x650.jpeg 528w, https:\/\/aykuthukuk.com\/wp-content\/uploads\/2025\/01\/WhatsApp-Image-2025-01-09-at-13.00.32.jpeg 1504w\" sizes=\"(max-width: 831px) 100vw, 831px\" \/>\t\t\t\t\t\t\t\t\t\t\t\t\t\t\t<\/div>\n\t\t\t\t<\/div>\n\t\t\t\t<div data-ep-wrapper-link=\"{&quot;url&quot;:&quot;\\\/avukat-aysegul-aykut-aksu\\\/&quot;,&quot;is_external&quot;:&quot;&quot;,&quot;nofollow&quot;:&quot;&quot;,&quot;custom_attributes&quot;:&quot;&quot;}\" style=\"cursor: pointer\" class=\"bdt-element-link elementor-element elementor-element-2fc11062 elementor-widget elementor-widget-heading\" data-id=\"2fc11062\" data-element_type=\"widget\" data-e-type=\"widget\" data-widget_type=\"heading.default\">\n\t\t\t\t<div class=\"elementor-widget-container\">\n\t\t\t\t\t<h6 class=\"elementor-heading-title elementor-size-default\">AY\u015eEG\u00dcL AYKUT<\/h6>\t\t\t\t<\/div>\n\t\t\t\t<\/div>\n\t\t\t\t<div class=\"elementor-element elementor-element-92073ec elementor-widget elementor-widget-heading\" data-id=\"92073ec\" data-element_type=\"widget\" data-e-type=\"widget\" data-widget_type=\"heading.default\">\n\t\t\t\t<div class=\"elementor-widget-container\">\n\t\t\t\t\t<h6 class=\"elementor-heading-title elementor-size-default\">Lawyer<\/h6>\t\t\t\t<\/div>\n\t\t\t\t<\/div>\n\t\t\t\t<\/div>\n\t\t        <\/div>\n            <div class=\"ui-e-wrp swiper-slide\" data-hash=\"2\">\n            <div data-ep-wrapper-link=\"{&quot;url&quot;:&quot;\\\/en\\\/avukat-sakir-can-ovalioglu\\\/&quot;,&quot;is_external&quot;:&quot;&quot;,&quot;nofollow&quot;:&quot;&quot;,&quot;custom_attributes&quot;:&quot;&quot;}\" style=\"cursor: pointer\" class=\"bdt-element-link ui-e-item ui-e-item ui-e-item elementor-element elementor-element-7396ca3e e-con-full e-flex e-con e-child\" data-id=\"7396ca3e\" data-element_type=\"container\" data-e-type=\"container\">\n\t\t\t\t<div class=\"elementor-element elementor-element-78da8b4d elementor-widget elementor-widget-image\" data-id=\"78da8b4d\" data-element_type=\"widget\" data-e-type=\"widget\" data-widget_type=\"image.default\">\n\t\t\t\t<div class=\"elementor-widget-container\">\n\t\t\t\t\t\t\t\t\t\t\t\t\t\t\t<img loading=\"lazy\" decoding=\"async\" width=\"768\" height=\"1024\" src=\"https:\/\/aykuthukuk.com\/wp-content\/uploads\/2025\/01\/WhatsApp-Image-2025-01-09-at-13.00.32-1-1536x2048-1-768x1024.png\" class=\"attachment-large size-large wp-image-549\" alt=\"\" srcset=\"https:\/\/aykuthukuk.com\/wp-content\/uploads\/2025\/01\/WhatsApp-Image-2025-01-09-at-13.00.32-1-1536x2048-1-768x1024.png 768w, https:\/\/aykuthukuk.com\/wp-content\/uploads\/2025\/01\/WhatsApp-Image-2025-01-09-at-13.00.32-1-1536x2048-1-225x300.png 225w, https:\/\/aykuthukuk.com\/wp-content\/uploads\/2025\/01\/WhatsApp-Image-2025-01-09-at-13.00.32-1-1536x2048-1-1152x1536.png 1152w, https:\/\/aykuthukuk.com\/wp-content\/uploads\/2025\/01\/WhatsApp-Image-2025-01-09-at-13.00.32-1-1536x2048-1-488x650.png 488w, https:\/\/aykuthukuk.com\/wp-content\/uploads\/2025\/01\/WhatsApp-Image-2025-01-09-at-13.00.32-1-1536x2048-1.png 1536w\" sizes=\"(max-width: 768px) 100vw, 768px\" \/>\t\t\t\t\t\t\t\t\t\t\t\t\t\t\t<\/div>\n\t\t\t\t<\/div>\n\t\t\t\t<div class=\"elementor-element elementor-element-7278e68e elementor-widget elementor-widget-heading\" data-id=\"7278e68e\" data-element_type=\"widget\" data-e-type=\"widget\" data-widget_type=\"heading.default\">\n\t\t\t\t<div class=\"elementor-widget-container\">\n\t\t\t\t\t<h6 class=\"elementor-heading-title elementor-size-default\">\u015eAK\u0130R CAN OVAO\u011eLU<\/h6>\t\t\t\t<\/div>\n\t\t\t\t<\/div>\n\t\t\t\t<div class=\"elementor-element elementor-element-4d42bf79 elementor-widget elementor-widget-heading\" data-id=\"4d42bf79\" data-element_type=\"widget\" data-e-type=\"widget\" data-widget_type=\"heading.default\">\n\t\t\t\t<div class=\"elementor-widget-container\">\n\t\t\t\t\t<h6 class=\"elementor-heading-title elementor-size-default\">Lawyer<\/h6>\t\t\t\t<\/div>\n\t\t\t\t<\/div>\n\t\t\t\t<\/div>\n\t\t        <\/div>\n                <\/div>\n\n        <\/div>\n\n            \t\t\t\t<\/div>\n\t\t\t\t<\/div>\n\t\t\t\t<\/div>\n\t\t\t\t\t<\/div>\n\t\t\t\t<\/div>\n\t\t\t\t<\/div>\n\t\t","protected":false},"excerpt":{"rendered":"<p>About Us To contribute to increasing the respect and belief in justice and law, to provide quality service to our clients by professionally defending their rights and freedoms within the framework of mutual respect and business rules, to closely follow all developments and changes in our legal system and to implement them on behalf of [&hellip;]<\/p>\n","protected":false},"author":1,"featured_media":0,"parent":0,"menu_order":0,"comment_status":"closed","ping_status":"closed","template":"","meta":{"footnotes":""},"class_list":["post-556","page","type-page","status-publish","hentry"],"_links":{"self":[{"href":"https:\/\/aykuthukuk.com\/en\/wp-json\/wp\/v2\/pages\/556","targetHints":{"allow":["GET"]}}],"collection":[{"href":"https:\/\/aykuthukuk.com\/en\/wp-json\/wp\/v2\/pages"}],"about":[{"href":"https:\/\/aykuthukuk.com\/en\/wp-json\/wp\/v2\/types\/page"}],"author":[{"embeddable":true,"href":"https:\/\/aykuthukuk.com\/en\/wp-json\/wp\/v2\/users\/1"}],"replies":[{"embeddable":true,"href":"https:\/\/aykuthukuk.com\/en\/wp-json\/wp\/v2\/comments?post=556"}],"version-history":[{"count":4,"href":"https:\/\/aykuthukuk.com\/en\/wp-json\/wp\/v2\/pages\/556\/revisions"}],"predecessor-version":[{"id":699,"href":"https:\/\/aykuthukuk.com\/en\/wp-json\/wp\/v2\/pages\/556\/revisions\/699"}],"wp:attachment":[{"href":"https:\/\/aykuthukuk.com\/en\/wp-json\/wp\/v2\/media?parent=556"}],"curies":[{"name":"wp","href":"https:\/\/api.w.org\/{rel}","templated":true}]}}